{"id":99,"date":"2022-05-19T19:52:56","date_gmt":"2022-05-19T19:52:56","guid":{"rendered":"https:\/\/aldear.000webhostapp.com\/?page_id=99"},"modified":"2022-09-09T06:59:57","modified_gmt":"2022-09-09T06:59:57","slug":"outonia","status":"publish","type":"page","link":"https:\/\/aldear.me\/?page_id=99","title":{"rendered":"Outon\u00eda"},"content":{"rendered":"<p>Outon\u00eda \u00e9 unha rede de creatividade que nace das inquedanzas de tres educadoras sociais e que ten como obxectivo xestar proxectos educativos para os territorios rurais.<br \/>\n<a href=\"https:\/\/outoniacoop.gal\">https:\/\/outoniacoop.gal<\/a><\/p>\n<p><img decoding=\"async\" class=\"aligncenter\" src=\"https:\/\/outoniacoop.gal\/wp-content\/uploads\/2021\/02\/Outonia-coop-nos-1-e1614191785378.jpg\" alt=\"OUTON\u00cdA COOPERATIVA - Educaci\u00f3n social e sustentabilidade rural\" \/><\/p>\n","protected":false},"excerpt":{"rendered":"<p>Outon\u00eda \u00e9 unha rede de creatividade que nace das inquedanzas de tres educadoras sociais e que ten como obxectivo xestar proxectos educativos para os territorios rurais. https:\/\/outoniacoop.gal<\/p>\n","protected":false},"author":1,"featured_media":0,"parent":0,"menu_order":0,"comment_status":"closed","ping_status":"closed","template":"","meta":{"_monsterinsights_skip_tracking":false,"_monsterinsights_sitenote_active":false,"_monsterinsights_sitenote_note":"","_monsterinsights_sitenote_category":0,"footnotes":""},"class_list":["post-99","page","type-page","status-publish","hentry"],"_links":{"self":[{"href":"https:\/\/aldear.me\/index.php?rest_route=\/wp\/v2\/pages\/99","targetHints":{"allow":["GET"]}}],"collection":[{"href":"https:\/\/aldear.me\/index.php?rest_route=\/wp\/v2\/pages"}],"about":[{"href":"https:\/\/aldear.me\/index.php?rest_route=\/wp\/v2\/types\/page"}],"author":[{"embeddable":true,"href":"https:\/\/aldear.me\/index.php?rest_route=\/wp\/v2\/users\/1"}],"replies":[{"embeddable":true,"href":"https:\/\/aldear.me\/index.php?rest_route=%2Fwp%2Fv2%2Fcomments&post=99"}],"version-history":[{"count":2,"href":"https:\/\/aldear.me\/index.php?rest_route=\/wp\/v2\/pages\/99\/revisions"}],"predecessor-version":[{"id":265,"href":"https:\/\/aldear.me\/index.php?rest_route=\/wp\/v2\/pages\/99\/revisions\/265"}],"wp:attachment":[{"href":"https:\/\/aldear.me\/index.php?rest_route=%2Fwp%2Fv2%2Fmedia&parent=99"}],"curies":[{"name":"wp","href":"https:\/\/api.w.org\/{rel}","templated":true}]}}