{"id":94,"date":"2022-05-19T19:51:51","date_gmt":"2022-05-19T19:51:51","guid":{"rendered":"https:\/\/aldear.000webhostapp.com\/?page_id=94"},"modified":"2022-08-23T10:42:41","modified_gmt":"2022-08-23T10:42:41","slug":"sil-producciones","status":"publish","type":"page","link":"https:\/\/aldear.me\/?page_id=94","title":{"rendered":"Sil Producciones"},"content":{"rendered":"<p>NOME: SIL Producciones-Artes en movimiento<br \/>\nTIPO DE ENTIDADE Espazo de creaci\u00f3n y producci\u00f3n, residencias art\u00edsticas.<br \/>\nConcello: Nogueira de Ramuin<br \/>\npoboacion: 2.067<br \/>\ndensidade: 21,03<br \/>\nDESCRICI\u00d3N 4 LI\u00d1AS: SIL Producciones-Artes en movimiento se concibe como un agente cultural centrado en las artes en movimiento en estrecha colaboraci\u00f3n con la naturaleza, lo rural y otras artes buscando la sostenibilidad y el impacto positivo en la naturaleza y el ecosistema en un ambiente seguro para los colectivos LGTBIQ+ y con distintas capacidades,<br \/>\nWEB <a href=\"https:\/\/www.facebook.com\/cia.aristegui\">https:\/\/www.facebook.com\/cia.aristegui<\/a><\/p>\n<p><img loading=\"lazy\" decoding=\"async\" class=\"alignnone  wp-image-241\" src=\"https:\/\/aldear.000webhostapp.com\/wp-content\/uploads\/2022\/08\/SIL-Producciones_Mikel-Ari\u0301stegui-300x169.jpg\" alt=\"\" width=\"557\" height=\"314\" srcset=\"https:\/\/aldear.me\/wp-content\/uploads\/2022\/08\/SIL-Producciones_Mikel-Ari\u0301stegui-300x169.jpg 300w, https:\/\/aldear.me\/wp-content\/uploads\/2022\/08\/SIL-Producciones_Mikel-Ari\u0301stegui-1024x577.jpg 1024w, https:\/\/aldear.me\/wp-content\/uploads\/2022\/08\/SIL-Producciones_Mikel-Ari\u0301stegui-768x433.jpg 768w, https:\/\/aldear.me\/wp-content\/uploads\/2022\/08\/SIL-Producciones_Mikel-Ari\u0301stegui-1536x866.jpg 1536w, https:\/\/aldear.me\/wp-content\/uploads\/2022\/08\/SIL-Producciones_Mikel-Ari\u0301stegui-2048x1154.jpg 2048w, https:\/\/aldear.me\/wp-content\/uploads\/2022\/08\/SIL-Producciones_Mikel-Ari\u0301stegui-850x479.jpg 850w\" sizes=\"auto, (max-width: 557px) 100vw, 557px\" \/> <img loading=\"lazy\" decoding=\"async\" class=\"alignnone  wp-image-242\" src=\"https:\/\/aldear.000webhostapp.com\/wp-content\/uploads\/2022\/08\/SIL-Producciones_Mikel-Ari\u0301stegui_colina-300x169.jpg\" alt=\"\" width=\"557\" height=\"314\" srcset=\"https:\/\/aldear.me\/wp-content\/uploads\/2022\/08\/SIL-Producciones_Mikel-Ari\u0301stegui_colina-300x169.jpg 300w, https:\/\/aldear.me\/wp-content\/uploads\/2022\/08\/SIL-Producciones_Mikel-Ari\u0301stegui_colina-1024x577.jpg 1024w, https:\/\/aldear.me\/wp-content\/uploads\/2022\/08\/SIL-Producciones_Mikel-Ari\u0301stegui_colina-768x432.jpg 768w, https:\/\/aldear.me\/wp-content\/uploads\/2022\/08\/SIL-Producciones_Mikel-Ari\u0301stegui_colina-1536x865.jpg 1536w, https:\/\/aldear.me\/wp-content\/uploads\/2022\/08\/SIL-Producciones_Mikel-Ari\u0301stegui_colina-2048x1153.jpg 2048w, https:\/\/aldear.me\/wp-content\/uploads\/2022\/08\/SIL-Producciones_Mikel-Ari\u0301stegui_colina-850x479.jpg 850w\" sizes=\"auto, (max-width: 557px) 100vw, 557px\" \/> <img loading=\"lazy\" decoding=\"async\" class=\"alignnone  wp-image-243\" src=\"https:\/\/aldear.000webhostapp.com\/wp-content\/uploads\/2022\/08\/sil_sin-fondo-300x108.jpg\" alt=\"\" width=\"553\" height=\"199\" srcset=\"https:\/\/aldear.me\/wp-content\/uploads\/2022\/08\/sil_sin-fondo-300x108.jpg 300w, https:\/\/aldear.me\/wp-content\/uploads\/2022\/08\/sil_sin-fondo.jpg 526w\" sizes=\"auto, (max-width: 553px) 100vw, 553px\" \/><\/p>\n","protected":false},"excerpt":{"rendered":"<p>NOME: SIL Producciones-Artes en movimiento TIPO DE ENTIDADE Espazo de creaci\u00f3n y producci\u00f3n, residencias art\u00edsticas. Concello: Nogueira de Ramuin poboacion: 2.067 densidade: 21,03 DESCRICI\u00d3N 4 LI\u00d1AS: SIL Producciones-Artes en movimiento se concibe como un agente cultural centrado en las artes en movimiento en estrecha colaboraci\u00f3n con la naturaleza, lo rural y otras artes buscando la&#8230;<\/p>\n","protected":false},"author":1,"featured_media":0,"parent":0,"menu_order":0,"comment_status":"closed","ping_status":"closed","template":"","meta":{"_monsterinsights_skip_tracking":false,"_monsterinsights_sitenote_active":false,"_monsterinsights_sitenote_note":"","_monsterinsights_sitenote_category":0,"footnotes":""},"class_list":["post-94","page","type-page","status-publish","hentry"],"_links":{"self":[{"href":"https:\/\/aldear.me\/index.php?rest_route=\/wp\/v2\/pages\/94","targetHints":{"allow":["GET"]}}],"collection":[{"href":"https:\/\/aldear.me\/index.php?rest_route=\/wp\/v2\/pages"}],"about":[{"href":"https:\/\/aldear.me\/index.php?rest_route=\/wp\/v2\/types\/page"}],"author":[{"embeddable":true,"href":"https:\/\/aldear.me\/index.php?rest_route=\/wp\/v2\/users\/1"}],"replies":[{"embeddable":true,"href":"https:\/\/aldear.me\/index.php?rest_route=%2Fwp%2Fv2%2Fcomments&post=94"}],"version-history":[{"count":4,"href":"https:\/\/aldear.me\/index.php?rest_route=\/wp\/v2\/pages\/94\/revisions"}],"predecessor-version":[{"id":245,"href":"https:\/\/aldear.me\/index.php?rest_route=\/wp\/v2\/pages\/94\/revisions\/245"}],"wp:attachment":[{"href":"https:\/\/aldear.me\/index.php?rest_route=%2Fwp%2Fv2%2Fmedia&parent=94"}],"curies":[{"name":"wp","href":"https:\/\/api.w.org\/{rel}","templated":true}]}}