{"id":92,"date":"2022-05-19T19:51:15","date_gmt":"2022-05-19T19:51:15","guid":{"rendered":"https:\/\/aldear.000webhostapp.com\/?page_id=92"},"modified":"2023-03-09T15:32:42","modified_gmt":"2023-03-09T15:32:42","slug":"a-casa-vella","status":"publish","type":"page","link":"https:\/\/aldear.me\/?page_id=92","title":{"rendered":"A Casa Vella"},"content":{"rendered":"<p>Este proxecto est\u00e1 liderado por Nuria Sotelo e Rub\u00e9n Blanco. Sit\u00faase en Amiadoso e \u00e9 un espazo para o encontro e o coidado, a cultura, o corpo e o agro. Pon o seu foco na creacio\u0301n arti\u0301stica no eido das artes do movemento e nas su\u0301as implicacio\u0301ns sociais no contexto rural.<\/p>\n<p>&nbsp;<\/p>\n<p><img decoding=\"async\" src=\"https:\/\/scontent-mad1-1.xx.fbcdn.net\/v\/t39.30808-6\/300610818_7964085563664970_3219894148711309393_n.jpg?_nc_cat=110&amp;ccb=1-7&amp;_nc_sid=730e14&amp;_nc_ohc=hmivamVCvMAAX-wzXvi&amp;_nc_ht=scontent-mad1-1.xx&amp;oh=00_AT9CLSRsemaSbz3mv35z6WfMiqqrWk0ZdkPxiWecE8w7lQ&amp;oe=631FAAA5\" alt=\"Puede ser una imagen de 10 personas, personas de pie e interior\" \/><\/p>\n","protected":false},"excerpt":{"rendered":"<p>Este proxecto est\u00e1 liderado por Nuria Sotelo e Rub\u00e9n Blanco. Sit\u00faase en Amiadoso e \u00e9 un espazo para o encontro e o coidado, a cultura, o corpo e o agro. Pon o seu foco na creacio\u0301n arti\u0301stica no eido das artes do movemento e nas su\u0301as implicacio\u0301ns sociais no contexto rural. &nbsp;<\/p>\n","protected":false},"author":1,"featured_media":0,"parent":0,"menu_order":0,"comment_status":"closed","ping_status":"closed","template":"","meta":{"_monsterinsights_skip_tracking":false,"_monsterinsights_sitenote_active":false,"_monsterinsights_sitenote_note":"","_monsterinsights_sitenote_category":0,"footnotes":""},"class_list":["post-92","page","type-page","status-publish","hentry"],"_links":{"self":[{"href":"https:\/\/aldear.me\/index.php?rest_route=\/wp\/v2\/pages\/92","targetHints":{"allow":["GET"]}}],"collection":[{"href":"https:\/\/aldear.me\/index.php?rest_route=\/wp\/v2\/pages"}],"about":[{"href":"https:\/\/aldear.me\/index.php?rest_route=\/wp\/v2\/types\/page"}],"author":[{"embeddable":true,"href":"https:\/\/aldear.me\/index.php?rest_route=\/wp\/v2\/users\/1"}],"replies":[{"embeddable":true,"href":"https:\/\/aldear.me\/index.php?rest_route=%2Fwp%2Fv2%2Fcomments&post=92"}],"version-history":[{"count":4,"href":"https:\/\/aldear.me\/index.php?rest_route=\/wp\/v2\/pages\/92\/revisions"}],"predecessor-version":[{"id":337,"href":"https:\/\/aldear.me\/index.php?rest_route=\/wp\/v2\/pages\/92\/revisions\/337"}],"wp:attachment":[{"href":"https:\/\/aldear.me\/index.php?rest_route=%2Fwp%2Fv2%2Fmedia&parent=92"}],"curies":[{"name":"wp","href":"https:\/\/api.w.org\/{rel}","templated":true}]}}