{"id":76,"date":"2022-05-19T12:55:02","date_gmt":"2022-05-19T12:55:02","guid":{"rendered":"https:\/\/aldear.000webhostapp.com\/?page_id=76"},"modified":"2022-09-09T06:55:46","modified_gmt":"2022-09-09T06:55:46","slug":"casa-do-rio","status":"publish","type":"page","link":"https:\/\/aldear.me\/?page_id=76","title":{"rendered":"Casa do R\u00edo"},"content":{"rendered":"\r\n<p>Organizacio\u0301n sen a\u0301nimo de lucro creada polo artista Davide Salvado para a recuperacio\u0301n da cultura e a tradicio\u0301n cultural a trav\u00e9s da m\u00fasica e de diversas actividades culturais. As\u00ed como espazo de experimentaci\u00f3n coa natureza.<\/p>\r\n<p><img decoding=\"async\" src=\"https:\/\/scontent-mad1-1.xx.fbcdn.net\/v\/t1.6435-9\/196703285_1693642230821016_5657744702904416607_n.jpg?_nc_cat=100&amp;ccb=1-7&amp;_nc_sid=a26aad&amp;_nc_ohc=l0FNoe2xKMEAX8qFWi5&amp;_nc_ht=scontent-mad1-1.xx&amp;oh=00_AT-x6bQ_gYZoJs6-JNycNwZzsdBYHJbM1ELQhBEv7mdrtQ&amp;oe=633E9DEB\" alt=\"Puede ser una imagen de una o varias personas, caballo y al aire libre\" \/><\/p>\r\n","protected":false},"excerpt":{"rendered":"<p>Organizacio\u0301n sen a\u0301nimo de lucro creada polo artista Davide Salvado para a recuperacio\u0301n da cultura e a tradicio\u0301n cultural a trav\u00e9s da m\u00fasica e de diversas actividades culturais. As\u00ed como espazo de experimentaci\u00f3n coa natureza.<\/p>\n","protected":false},"author":1,"featured_media":0,"parent":0,"menu_order":0,"comment_status":"closed","ping_status":"closed","template":"","meta":{"_monsterinsights_skip_tracking":false,"_monsterinsights_sitenote_active":false,"_monsterinsights_sitenote_note":"","_monsterinsights_sitenote_category":0,"footnotes":""},"class_list":["post-76","page","type-page","status-publish","hentry"],"_links":{"self":[{"href":"https:\/\/aldear.me\/index.php?rest_route=\/wp\/v2\/pages\/76","targetHints":{"allow":["GET"]}}],"collection":[{"href":"https:\/\/aldear.me\/index.php?rest_route=\/wp\/v2\/pages"}],"about":[{"href":"https:\/\/aldear.me\/index.php?rest_route=\/wp\/v2\/types\/page"}],"author":[{"embeddable":true,"href":"https:\/\/aldear.me\/index.php?rest_route=\/wp\/v2\/users\/1"}],"replies":[{"embeddable":true,"href":"https:\/\/aldear.me\/index.php?rest_route=%2Fwp%2Fv2%2Fcomments&post=76"}],"version-history":[{"count":3,"href":"https:\/\/aldear.me\/index.php?rest_route=\/wp\/v2\/pages\/76\/revisions"}],"predecessor-version":[{"id":260,"href":"https:\/\/aldear.me\/index.php?rest_route=\/wp\/v2\/pages\/76\/revisions\/260"}],"wp:attachment":[{"href":"https:\/\/aldear.me\/index.php?rest_route=%2Fwp%2Fv2%2Fmedia&parent=76"}],"curies":[{"name":"wp","href":"https:\/\/api.w.org\/{rel}","templated":true}]}}