{"id":74,"date":"2022-05-19T12:54:03","date_gmt":"2022-05-19T12:54:03","guid":{"rendered":"https:\/\/aldear.000webhostapp.com\/?page_id=74"},"modified":"2022-09-09T07:08:18","modified_gmt":"2022-09-09T07:08:18","slug":"xermolos","status":"publish","type":"page","link":"https:\/\/aldear.me\/?page_id=74","title":{"rendered":"Xermolos"},"content":{"rendered":"\r\n<p>Asociaci\u00f3n cunha traxectoria moi longa de traballo dende e para o rural. Destaca a s\u00faa labor editorial e como programadores do festival de Pardi\u00f1as. Actualmente, son depositarios do legado de D\u00edaz Castro. <a href=\"https:\/\/xermolos.org\">https:\/\/xermolos.org<\/a><\/p>\r\n<p><img loading=\"lazy\" decoding=\"async\" class=\"aligncenter\" src=\"http:\/\/media.lavozdegalicia.es\/scale.php?i=\/default\/2014\/11\/26\/0012_201411L26C7F1jpg\/Foto\/L26C7F1.jpg&amp;w=465px\" alt=\"A casa natal de D\u00edaz Castro\" width=\"758\" height=\"393\" \/><\/p>\r\n","protected":false},"excerpt":{"rendered":"<p>Asociaci\u00f3n cunha traxectoria moi longa de traballo dende e para o rural. Destaca a s\u00faa labor editorial e como programadores do festival de Pardi\u00f1as. Actualmente, son depositarios do legado de D\u00edaz Castro. https:\/\/xermolos.org<\/p>\n","protected":false},"author":1,"featured_media":0,"parent":0,"menu_order":0,"comment_status":"closed","ping_status":"closed","template":"","meta":{"_monsterinsights_skip_tracking":false,"_monsterinsights_sitenote_active":false,"_monsterinsights_sitenote_note":"","_monsterinsights_sitenote_category":0,"footnotes":""},"class_list":["post-74","page","type-page","status-publish","hentry"],"_links":{"self":[{"href":"https:\/\/aldear.me\/index.php?rest_route=\/wp\/v2\/pages\/74","targetHints":{"allow":["GET"]}}],"collection":[{"href":"https:\/\/aldear.me\/index.php?rest_route=\/wp\/v2\/pages"}],"about":[{"href":"https:\/\/aldear.me\/index.php?rest_route=\/wp\/v2\/types\/page"}],"author":[{"embeddable":true,"href":"https:\/\/aldear.me\/index.php?rest_route=\/wp\/v2\/users\/1"}],"replies":[{"embeddable":true,"href":"https:\/\/aldear.me\/index.php?rest_route=%2Fwp%2Fv2%2Fcomments&post=74"}],"version-history":[{"count":3,"href":"https:\/\/aldear.me\/index.php?rest_route=\/wp\/v2\/pages\/74\/revisions"}],"predecessor-version":[{"id":273,"href":"https:\/\/aldear.me\/index.php?rest_route=\/wp\/v2\/pages\/74\/revisions\/273"}],"wp:attachment":[{"href":"https:\/\/aldear.me\/index.php?rest_route=%2Fwp%2Fv2%2Fmedia&parent=74"}],"curies":[{"name":"wp","href":"https:\/\/api.w.org\/{rel}","templated":true}]}}