{"id":72,"date":"2022-05-19T12:53:19","date_gmt":"2022-05-19T12:53:19","guid":{"rendered":"https:\/\/aldear.000webhostapp.com\/?page_id=72"},"modified":"2022-08-23T10:46:54","modified_gmt":"2022-08-23T10:46:54","slug":"the-foundry","status":"publish","type":"page","link":"https:\/\/aldear.me\/?page_id=72","title":{"rendered":"The Foundry"},"content":{"rendered":"\r\n<p>\u00c9 un espazo autoorganizado e sen \u00e1nimo de lucro para artistas, escritores, artes\u00e1ns e outros creadores situado nunha aldea abandonada do norte de Lugo. Colocando o foco no pensamento cr\u00edtico vencella modos de vida enraizados nos compromisos entre si e co medio ambiente.<\/p>\r\n<p><a href=\"https:\/\/bravosfoundry.com\/\">https:\/\/bravosfoundry.com\/<\/a><\/p>\r\n<p><img loading=\"lazy\" decoding=\"async\" class=\" wp-image-247\" src=\"https:\/\/aldear.000webhostapp.com\/wp-content\/uploads\/2022\/08\/foundry-300x225.jpg\" alt=\"\" width=\"674\" height=\"505\" srcset=\"https:\/\/aldear.me\/wp-content\/uploads\/2022\/08\/foundry-300x225.jpg 300w, https:\/\/aldear.me\/wp-content\/uploads\/2022\/08\/foundry-768x576.jpg 768w, https:\/\/aldear.me\/wp-content\/uploads\/2022\/08\/foundry-850x638.jpg 850w, https:\/\/aldear.me\/wp-content\/uploads\/2022\/08\/foundry.jpg 1024w\" sizes=\"auto, (max-width: 674px) 100vw, 674px\" \/><\/p>\r\n","protected":false},"excerpt":{"rendered":"<p>\u00c9 un espazo autoorganizado e sen \u00e1nimo de lucro para artistas, escritores, artes\u00e1ns e outros creadores situado nunha aldea abandonada do norte de Lugo. Colocando o foco no pensamento cr\u00edtico vencella modos de vida enraizados nos compromisos entre si e co medio ambiente. https:\/\/bravosfoundry.com\/<\/p>\n","protected":false},"author":1,"featured_media":0,"parent":0,"menu_order":0,"comment_status":"closed","ping_status":"closed","template":"","meta":{"_monsterinsights_skip_tracking":false,"_monsterinsights_sitenote_active":false,"_monsterinsights_sitenote_note":"","_monsterinsights_sitenote_category":0,"footnotes":""},"class_list":["post-72","page","type-page","status-publish","hentry"],"_links":{"self":[{"href":"https:\/\/aldear.me\/index.php?rest_route=\/wp\/v2\/pages\/72","targetHints":{"allow":["GET"]}}],"collection":[{"href":"https:\/\/aldear.me\/index.php?rest_route=\/wp\/v2\/pages"}],"about":[{"href":"https:\/\/aldear.me\/index.php?rest_route=\/wp\/v2\/types\/page"}],"author":[{"embeddable":true,"href":"https:\/\/aldear.me\/index.php?rest_route=\/wp\/v2\/users\/1"}],"replies":[{"embeddable":true,"href":"https:\/\/aldear.me\/index.php?rest_route=%2Fwp%2Fv2%2Fcomments&post=72"}],"version-history":[{"count":5,"href":"https:\/\/aldear.me\/index.php?rest_route=\/wp\/v2\/pages\/72\/revisions"}],"predecessor-version":[{"id":249,"href":"https:\/\/aldear.me\/index.php?rest_route=\/wp\/v2\/pages\/72\/revisions\/249"}],"wp:attachment":[{"href":"https:\/\/aldear.me\/index.php?rest_route=%2Fwp%2Fv2%2Fmedia&parent=72"}],"curies":[{"name":"wp","href":"https:\/\/api.w.org\/{rel}","templated":true}]}}