{"id":52,"date":"2022-05-19T11:45:45","date_gmt":"2022-05-19T11:45:45","guid":{"rendered":"https:\/\/aldear.000webhostapp.com\/?page_id=52"},"modified":"2022-05-26T16:46:39","modified_gmt":"2022-05-26T16:46:39","slug":"que-facemos","status":"publish","type":"page","link":"https:\/\/aldear.me\/?page_id=52","title":{"rendered":"Que facemos?"},"content":{"rendered":"\r\n<ul>\r\n<li>Xerar propostas que visibilicen as actividades culturais no rural.<\/li>\r\n<li>Promover acci\u00f3ns de integraci\u00f3n coa comunidade local.<\/li>\r\n<li>Favorecer acci\u00f3ns de incidencia pol\u00edtica para fortalecer a cultura rural.<\/li>\r\n<li>Favorecer proxectos centro de creaci\u00f3n, investigaci\u00f3n e residencia art\u00edstica que xeren sinerxia econ\u00f3mica.<\/li>\r\n<li>Crear procesos educativos e sensibilizadores sobre novas propostas art\u00edsticas e culturais no rural.<\/li>\r\n<li>Promover acci\u00f3ns de integraci\u00f3n coa comunidade local.<\/li>\r\n<li>Acompa\u00f1ar e facilitar o asentamento de novos proxectos culturais no rural.<\/li>\r\n<li>Promover a fixaci\u00f3n de poboaci\u00f3n no rural.<\/li>\r\n<li>Contar como eixes transversais da rede a ecolox\u00eda, igualdade de x\u00e9nero, multiculturalidade, inclusi\u00f3n e Educaci\u00f3n para a Paz, entre outros procesos que sit\u00faen os coidados e vida no centro.<\/li>\r\n<li>Innovar, impulsar e implementar unha xesti\u00f3n colectiva, enfocada \u00e1 construci\u00f3n de procesos colaborativos.<\/li>\r\n<li>Promover a organizaci\u00f3n de proxectos medioambientais que favorezan a sostibilidade.<\/li>\r\n<li>Desenvolver actividades de silvicultura, agricultura e agricultura sostible.<\/li>\r\n<li>Promover e realizar actividades para a recuperaci\u00f3n dos oficios tradicionais e da artesan\u00eda.<\/li>\r\n<li>Propiciar acci\u00f3ns que cami\u00f1en cara a soberan\u00eda enerx\u00e9tica, facendo uso de tecnolox\u00edas apropiadas e proceos tecnoloxicos que traballen con ferramentas aberta e libres. As xa co\u00f1ecidas Free Culture e Open Source tecnologies.<\/li>\r\n<li>Promover e propiciar actividades de desenvolvemento humano e crecemento persoal.<\/li>\r\n<\/ul>\r\n","protected":false},"excerpt":{"rendered":"<p>Xerar propostas que visibilicen as actividades culturais no rural. Promover acci\u00f3ns de integraci\u00f3n coa comunidade local. Favorecer acci\u00f3ns de incidencia pol\u00edtica para fortalecer a cultura rural. Favorecer proxectos centro de creaci\u00f3n, investigaci\u00f3n e residencia art\u00edstica que xeren sinerxia econ\u00f3mica. Crear procesos educativos e sensibilizadores sobre novas propostas art\u00edsticas e culturais no rural. Promover acci\u00f3ns de&#8230;<\/p>\n","protected":false},"author":1,"featured_media":0,"parent":0,"menu_order":0,"comment_status":"closed","ping_status":"closed","template":"","meta":{"_monsterinsights_skip_tracking":false,"_monsterinsights_sitenote_active":false,"_monsterinsights_sitenote_note":"","_monsterinsights_sitenote_category":0,"footnotes":""},"class_list":["post-52","page","type-page","status-publish","hentry"],"_links":{"self":[{"href":"https:\/\/aldear.me\/index.php?rest_route=\/wp\/v2\/pages\/52","targetHints":{"allow":["GET"]}}],"collection":[{"href":"https:\/\/aldear.me\/index.php?rest_route=\/wp\/v2\/pages"}],"about":[{"href":"https:\/\/aldear.me\/index.php?rest_route=\/wp\/v2\/types\/page"}],"author":[{"embeddable":true,"href":"https:\/\/aldear.me\/index.php?rest_route=\/wp\/v2\/users\/1"}],"replies":[{"embeddable":true,"href":"https:\/\/aldear.me\/index.php?rest_route=%2Fwp%2Fv2%2Fcomments&post=52"}],"version-history":[{"count":3,"href":"https:\/\/aldear.me\/index.php?rest_route=\/wp\/v2\/pages\/52\/revisions"}],"predecessor-version":[{"id":220,"href":"https:\/\/aldear.me\/index.php?rest_route=\/wp\/v2\/pages\/52\/revisions\/220"}],"wp:attachment":[{"href":"https:\/\/aldear.me\/index.php?rest_route=%2Fwp%2Fv2%2Fmedia&parent=52"}],"curies":[{"name":"wp","href":"https:\/\/api.w.org\/{rel}","templated":true}]}}