{"id":103,"date":"2022-05-19T19:54:33","date_gmt":"2022-05-19T19:54:33","guid":{"rendered":"https:\/\/aldear.000webhostapp.com\/?page_id=103"},"modified":"2022-09-09T07:05:28","modified_gmt":"2022-09-09T07:05:28","slug":"ruralisto","status":"publish","type":"page","link":"https:\/\/aldear.me\/?page_id=103","title":{"rendered":"Ruralisto"},"content":{"rendered":"<p>\u00d3scar Pen\u00edn, que \u00e9 historiador, un d\u00eda fartouse de que lle pediran buscar subvenci\u00f3ns e constitu\u00edr asociaci\u00f3ns.<\/p>\n<p>Ise d\u00eda decidiu montar unha web de formaci\u00f3n onde se puidesen atopar todos istes contidos (e outros menos aborrecidos..) de xeito simple e r\u00e1pido, para poder dedicarse aos seus legaxos documentais e \u00e1s s\u00faas pedras en corpo e alma.<br \/>\n<a href=\"https:\/\/ruralisto.org\">https:\/\/ruralisto.org<\/a><\/p>\n<p>&nbsp;<\/p>\n<p><img decoding=\"async\" src=\"https:\/\/scontent-mad1-1.xx.fbcdn.net\/v\/t39.30808-6\/304111679_8018133504926842_8759083419151429018_n.jpg?_nc_cat=100&amp;ccb=1-7&amp;_nc_sid=730e14&amp;_nc_ohc=xBAC3NgCm_AAX_QhoNB&amp;tn=Qu7CGzTB4ZkHcHQ3&amp;_nc_ht=scontent-mad1-1.xx&amp;oh=00_AT-ODo8qTA7ike5Q0lbvQrOutlRbNiFlUXnCh34g1t8L0Q&amp;oe=63203C36\" alt=\"Puede ser una imagen de 12 personas, personas de pie, \u00e1rbol y al aire libre\" \/><\/p>\n","protected":false},"excerpt":{"rendered":"<p>\u00d3scar Pen\u00edn, que \u00e9 historiador, un d\u00eda fartouse de que lle pediran buscar subvenci\u00f3ns e constitu\u00edr asociaci\u00f3ns. Ise d\u00eda decidiu montar unha web de formaci\u00f3n onde se puidesen atopar todos istes contidos (e outros menos aborrecidos..) de xeito simple e r\u00e1pido, para poder dedicarse aos seus legaxos documentais e \u00e1s s\u00faas pedras en corpo e&#8230;<\/p>\n","protected":false},"author":1,"featured_media":0,"parent":0,"menu_order":0,"comment_status":"closed","ping_status":"closed","template":"","meta":{"_monsterinsights_skip_tracking":false,"_monsterinsights_sitenote_active":false,"_monsterinsights_sitenote_note":"","_monsterinsights_sitenote_category":0,"footnotes":""},"class_list":["post-103","page","type-page","status-publish","hentry"],"_links":{"self":[{"href":"https:\/\/aldear.me\/index.php?rest_route=\/wp\/v2\/pages\/103","targetHints":{"allow":["GET"]}}],"collection":[{"href":"https:\/\/aldear.me\/index.php?rest_route=\/wp\/v2\/pages"}],"about":[{"href":"https:\/\/aldear.me\/index.php?rest_route=\/wp\/v2\/types\/page"}],"author":[{"embeddable":true,"href":"https:\/\/aldear.me\/index.php?rest_route=\/wp\/v2\/users\/1"}],"replies":[{"embeddable":true,"href":"https:\/\/aldear.me\/index.php?rest_route=%2Fwp%2Fv2%2Fcomments&post=103"}],"version-history":[{"count":4,"href":"https:\/\/aldear.me\/index.php?rest_route=\/wp\/v2\/pages\/103\/revisions"}],"predecessor-version":[{"id":270,"href":"https:\/\/aldear.me\/index.php?rest_route=\/wp\/v2\/pages\/103\/revisions\/270"}],"wp:attachment":[{"href":"https:\/\/aldear.me\/index.php?rest_route=%2Fwp%2Fv2%2Fmedia&parent=103"}],"curies":[{"name":"wp","href":"https:\/\/api.w.org\/{rel}","templated":true}]}}